{"id":8796,"date":"2026-01-13T21:24:43","date_gmt":"2026-01-13T20:24:43","guid":{"rendered":"https:\/\/www.estudioenfermeria.com\/portal\/?page_id=8796"},"modified":"2026-02-24T20:17:34","modified_gmt":"2026-02-24T19:17:34","slug":"bellotex-salud-profesores","status":"publish","type":"page","link":"https:\/\/www.estudioenfermeria.com\/portal\/gibipso\/bellotexsalud\/bellotex-salud-profesores\/","title":{"rendered":"BELLOTEX-SALUD &#8211; Portal Profesorado"},"content":{"rendered":"","protected":true},"excerpt":{"rendered":"","protected":true},"author":1,"featured_media":8814,"parent":8255,"menu_order":0,"comment_status":"closed","ping_status":"closed","template":"100-width.php","meta":{"footnotes":""},"class_list":["post-8796","page","type-page","status-publish","post-password-required","hentry"],"yoast_head":"<!-- This site is optimized with the Yoast SEO plugin v27.2 - https:\/\/yoast.com\/product\/yoast-seo-wordpress\/ -->\n<title>gibipso.com - Programa de I+D+i - BELLOTEX-SALUD - Profesores<\/title>\n<meta name=\"description\" content=\"Portal del Programa BellotEX Salud de gesti\u00f3n y administraci\u00f3n del alumnado para el Profesorado participante\" \/>\n<meta name=\"robots\" content=\"index, follow, max-snippet:-1, max-image-preview:large, max-video-preview:-1\" \/>\n<link rel=\"canonical\" href=\"https:\/\/www.estudioenfermeria.com\/portal\/gibipso\/bellotexsalud\/bellotex-salud-profesores\/\" \/>\n<meta property=\"og:locale\" content=\"es_ES\" \/>\n<meta property=\"og:type\" content=\"article\" \/>\n<meta property=\"og:title\" content=\"BELLOTEX SALUD - Portal Profesorado\" \/>\n<meta property=\"og:description\" content=\"Portal del Programa BellotEX Salud de gesti\u00f3n y administraci\u00f3n del alumnado para el Profesorado participante\" \/>\n<meta property=\"og:url\" content=\"https:\/\/www.estudioenfermeria.com\/portal\/gibipso\/bellotexsalud\/bellotex-salud-profesores\/\" \/>\n<meta property=\"og:site_name\" content=\"estudioenfermeria.com\" \/>\n<meta property=\"article:publisher\" content=\"https:\/\/www.facebook.com\/estudioenfermeria\" \/>\n<meta property=\"article:modified_time\" content=\"2026-02-24T19:17:34+00:00\" \/>\n<meta name=\"twitter:card\" content=\"summary_large_image\" \/>\n<meta name=\"twitter:title\" content=\"BELLOTEX SALUD - Portal Profesorado\" \/>\n<meta name=\"twitter:description\" content=\"Portal del Programa BellotEX Salud de gesti\u00f3n y administraci\u00f3n del alumnado para el Profesorado participante\" \/>\n<meta name=\"twitter:site\" content=\"@eenfermeria\" \/>\n<meta name=\"twitter:label1\" content=\"Tiempo de lectura\" \/>\n\t<meta name=\"twitter:data1\" content=\"17 minutos\" \/>\n<script type=\"application\/ld+json\" class=\"yoast-schema-graph\">{\"@context\":\"https:\/\/schema.org\",\"@graph\":[{\"@type\":\"WebPage\",\"@id\":\"https:\/\/www.estudioenfermeria.com\/portal\/gibipso\/bellotexsalud\/bellotex-salud-profesores\/\",\"url\":\"https:\/\/www.estudioenfermeria.com\/portal\/gibipso\/bellotexsalud\/bellotex-salud-profesores\/\",\"name\":\"gibipso.com - Programa de I+D+i - BELLOTEX-SALUD - Profesores\",\"isPartOf\":{\"@id\":\"https:\/\/www.estudioenfermeria.com\/portal\/#website\"},\"datePublished\":\"2026-01-13T20:24:43+00:00\",\"dateModified\":\"2026-02-24T19:17:34+00:00\",\"breadcrumb\":{\"@id\":\"https:\/\/www.estudioenfermeria.com\/portal\/gibipso\/bellotexsalud\/bellotex-salud-profesores\/#breadcrumb\"},\"inLanguage\":\"es\"},{\"@type\":\"WebSite\",\"@id\":\"https:\/\/www.estudioenfermeria.com\/portal\/#website\",\"url\":\"https:\/\/www.estudioenfermeria.com\/portal\/\",\"name\":\"estudioenfermeria.com\",\"description\":\"Web para la educaci\u00f3n, investigaci\u00f3n, desarrollo e innovaci\u00f3n de la enfermer\u00eda\",\"publisher\":{\"@id\":\"https:\/\/www.estudioenfermeria.com\/portal\/#organization\"},\"alternateName\":\"estudioenfermeria\",\"potentialAction\":[{\"@type\":\"SearchAction\",\"target\":{\"@type\":\"EntryPoint\",\"urlTemplate\":\"https:\/\/www.estudioenfermeria.com\/portal\/?s={search_term_string}\"},\"query-input\":{\"@type\":\"PropertyValueSpecification\",\"valueRequired\":true,\"valueName\":\"search_term_string\"}}],\"inLanguage\":\"es\"},{\"@type\":\"Organization\",\"@id\":\"https:\/\/www.estudioenfermeria.com\/portal\/#organization\",\"name\":\"ESTUDIOENFERMERIA.COM\",\"alternateName\":\"ESTUDIOENFERMERIA\",\"url\":\"https:\/\/www.estudioenfermeria.com\/portal\/\",\"logo\":{\"@type\":\"ImageObject\",\"inLanguage\":\"es\",\"@id\":\"https:\/\/www.estudioenfermeria.com\/portal\/#\/schema\/logo\/image\/\",\"url\":\"https:\/\/www.estudioenfermeria.com\/portal\/wp-content\/uploads\/2020\/04\/logo_cabecera_fija_retina.png\",\"contentUrl\":\"https:\/\/www.estudioenfermeria.com\/portal\/wp-content\/uploads\/2020\/04\/logo_cabecera_fija_retina.png\",\"width\":363,\"height\":50,\"caption\":\"ESTUDIOENFERMERIA.COM\"},\"image\":{\"@id\":\"https:\/\/www.estudioenfermeria.com\/portal\/#\/schema\/logo\/image\/\"},\"sameAs\":[\"https:\/\/www.facebook.com\/estudioenfermeria\",\"https:\/\/x.com\/eenfermeria\",\"https:\/\/www.pinterest.es\/eenfermeria\/\",\"https:\/\/www.youtube.com\/estudioenfermeria\",\"https:\/\/www.tiktok.com\/@estudioenfermeria\",\"https:\/\/www.instagram.com\/estudio_enfermeria\/\"]}]}<\/script>\n<!-- \/ Yoast SEO plugin. -->","yoast_head_json":{"title":"gibipso.com - Programa de I+D+i - BELLOTEX-SALUD - Profesores","description":"Portal del Programa BellotEX Salud de gesti\u00f3n y administraci\u00f3n del alumnado para el Profesorado participante","robots":{"index":"index","follow":"follow","max-snippet":"max-snippet:-1","max-image-preview":"max-image-preview:large","max-video-preview":"max-video-preview:-1"},"canonical":"https:\/\/www.estudioenfermeria.com\/portal\/gibipso\/bellotexsalud\/bellotex-salud-profesores\/","og_locale":"es_ES","og_type":"article","og_title":"BELLOTEX SALUD - Portal Profesorado","og_description":"Portal del Programa BellotEX Salud de gesti\u00f3n y administraci\u00f3n del alumnado para el Profesorado participante","og_url":"https:\/\/www.estudioenfermeria.com\/portal\/gibipso\/bellotexsalud\/bellotex-salud-profesores\/","og_site_name":"estudioenfermeria.com","article_publisher":"https:\/\/www.facebook.com\/estudioenfermeria","article_modified_time":"2026-02-24T19:17:34+00:00","twitter_card":"summary_large_image","twitter_title":"BELLOTEX SALUD - Portal Profesorado","twitter_description":"Portal del Programa BellotEX Salud de gesti\u00f3n y administraci\u00f3n del alumnado para el Profesorado participante","twitter_site":"@eenfermeria","twitter_misc":{"Tiempo de lectura":"17 minutos"},"schema":{"@context":"https:\/\/schema.org","@graph":[{"@type":"WebPage","@id":"https:\/\/www.estudioenfermeria.com\/portal\/gibipso\/bellotexsalud\/bellotex-salud-profesores\/","url":"https:\/\/www.estudioenfermeria.com\/portal\/gibipso\/bellotexsalud\/bellotex-salud-profesores\/","name":"gibipso.com - Programa de I+D+i - BELLOTEX-SALUD - Profesores","isPartOf":{"@id":"https:\/\/www.estudioenfermeria.com\/portal\/#website"},"datePublished":"2026-01-13T20:24:43+00:00","dateModified":"2026-02-24T19:17:34+00:00","breadcrumb":{"@id":"https:\/\/www.estudioenfermeria.com\/portal\/gibipso\/bellotexsalud\/bellotex-salud-profesores\/#breadcrumb"},"inLanguage":"es"},{"@type":"WebSite","@id":"https:\/\/www.estudioenfermeria.com\/portal\/#website","url":"https:\/\/www.estudioenfermeria.com\/portal\/","name":"estudioenfermeria.com","description":"Web para la educaci\u00f3n, investigaci\u00f3n, desarrollo e innovaci\u00f3n de la enfermer\u00eda","publisher":{"@id":"https:\/\/www.estudioenfermeria.com\/portal\/#organization"},"alternateName":"estudioenfermeria","potentialAction":[{"@type":"SearchAction","target":{"@type":"EntryPoint","urlTemplate":"https:\/\/www.estudioenfermeria.com\/portal\/?s={search_term_string}"},"query-input":{"@type":"PropertyValueSpecification","valueRequired":true,"valueName":"search_term_string"}}],"inLanguage":"es"},{"@type":"Organization","@id":"https:\/\/www.estudioenfermeria.com\/portal\/#organization","name":"ESTUDIOENFERMERIA.COM","alternateName":"ESTUDIOENFERMERIA","url":"https:\/\/www.estudioenfermeria.com\/portal\/","logo":{"@type":"ImageObject","inLanguage":"es","@id":"https:\/\/www.estudioenfermeria.com\/portal\/#\/schema\/logo\/image\/","url":"https:\/\/www.estudioenfermeria.com\/portal\/wp-content\/uploads\/2020\/04\/logo_cabecera_fija_retina.png","contentUrl":"https:\/\/www.estudioenfermeria.com\/portal\/wp-content\/uploads\/2020\/04\/logo_cabecera_fija_retina.png","width":363,"height":50,"caption":"ESTUDIOENFERMERIA.COM"},"image":{"@id":"https:\/\/www.estudioenfermeria.com\/portal\/#\/schema\/logo\/image\/"},"sameAs":["https:\/\/www.facebook.com\/estudioenfermeria","https:\/\/x.com\/eenfermeria","https:\/\/www.pinterest.es\/eenfermeria\/","https:\/\/www.youtube.com\/estudioenfermeria","https:\/\/www.tiktok.com\/@estudioenfermeria","https:\/\/www.instagram.com\/estudio_enfermeria\/"]}]}},"_links":{"self":[{"href":"https:\/\/www.estudioenfermeria.com\/portal\/wp-json\/wp\/v2\/pages\/8796","targetHints":{"allow":["GET"]}}],"collection":[{"href":"https:\/\/www.estudioenfermeria.com\/portal\/wp-json\/wp\/v2\/pages"}],"about":[{"href":"https:\/\/www.estudioenfermeria.com\/portal\/wp-json\/wp\/v2\/types\/page"}],"author":[{"embeddable":true,"href":"https:\/\/www.estudioenfermeria.com\/portal\/wp-json\/wp\/v2\/users\/1"}],"replies":[{"embeddable":true,"href":"https:\/\/www.estudioenfermeria.com\/portal\/wp-json\/wp\/v2\/comments?post=8796"}],"version-history":[{"count":17,"href":"https:\/\/www.estudioenfermeria.com\/portal\/wp-json\/wp\/v2\/pages\/8796\/revisions"}],"predecessor-version":[{"id":8846,"href":"https:\/\/www.estudioenfermeria.com\/portal\/wp-json\/wp\/v2\/pages\/8796\/revisions\/8846"}],"up":[{"embeddable":true,"href":"https:\/\/www.estudioenfermeria.com\/portal\/wp-json\/wp\/v2\/pages\/8255"}],"wp:featuredmedia":[{"embeddable":true,"href":"https:\/\/www.estudioenfermeria.com\/portal\/wp-json\/wp\/v2\/media\/8814"}],"wp:attachment":[{"href":"https:\/\/www.estudioenfermeria.com\/portal\/wp-json\/wp\/v2\/media?parent=8796"}],"curies":[{"name":"wp","href":"https:\/\/api.w.org\/{rel}","templated":true}]}}