{"id":8439,"date":"2025-03-24T11:11:32","date_gmt":"2025-03-24T10:11:32","guid":{"rendered":"https:\/\/www.estudioenfermeria.com\/portal\/?page_id=8439"},"modified":"2025-03-24T11:11:32","modified_gmt":"2025-03-24T10:11:32","slug":"gibipso","status":"publish","type":"page","link":"https:\/\/www.estudioenfermeria.com\/portal\/gibipso\/","title":{"rendered":"GIBIPSO &#8211; Grupo de Investigaci\u00f3n Biopsicosocial de la Universidad de Extremadura"},"content":{"rendered":"<p><\/p>\n","protected":false},"excerpt":{"rendered":"","protected":false},"author":1,"featured_media":5717,"parent":0,"menu_order":0,"comment_status":"closed","ping_status":"closed","template":"100-width.php","meta":{"footnotes":""},"class_list":["post-8439","page","type-page","status-publish","has-post-thumbnail","hentry"],"yoast_head":"<!-- This site is optimized with the Yoast SEO plugin v27.2 - https:\/\/yoast.com\/product\/yoast-seo-wordpress\/ -->\n<title>estudioenfermeria.com - Microcredencial - Cuidados de Enfermer\u00eda en UCIPN<\/title>\n<meta name=\"description\" content=\"Grupo de Investigaci\u00f3n interdisciplinar compuesto por Personal Docente e Investigador de la Universidad de Extremadura, as\u00ed como del Servicio Extreme\u00f1o de Salud (SES), con l\u00edneas de investigaci\u00f3n e innovaci\u00f3n compartidas.\" \/>\n<meta name=\"robots\" content=\"index, follow, max-snippet:-1, max-image-preview:large, max-video-preview:-1\" \/>\n<link rel=\"canonical\" href=\"https:\/\/www.estudioenfermeria.com\/portal\/gibipso\/\" \/>\n<meta property=\"og:locale\" content=\"es_ES\" \/>\n<meta property=\"og:type\" content=\"article\" \/>\n<meta property=\"og:title\" content=\"GIBIPSO - Grupo de Investigaci\u00f3n Biopsicosocial de la Universidad de Extremadura\" \/>\n<meta property=\"og:description\" content=\"Grupo de Investigaci\u00f3n interdisciplinar compuesto por Personal Docente e Investigador de la Universidad de Extremadura, as\u00ed como del Servicio Extreme\u00f1o de Salud (SES), con l\u00edneas de investigaci\u00f3n e innovaci\u00f3n compartidas.\" \/>\n<meta property=\"og:url\" content=\"https:\/\/www.estudioenfermeria.com\/portal\/gibipso\/\" \/>\n<meta property=\"og:site_name\" content=\"estudioenfermeria.com\" \/>\n<meta property=\"article:publisher\" content=\"https:\/\/www.facebook.com\/estudioenfermeria\" \/>\n<meta property=\"og:image\" content=\"https:\/\/www.estudioenfermeria.com\/portal\/wp-content\/uploads\/2020\/07\/Logo-GIBIPSO.png\" \/>\n\t<meta property=\"og:image:width\" content=\"1260\" \/>\n\t<meta property=\"og:image:height\" content=\"502\" \/>\n\t<meta property=\"og:image:type\" content=\"image\/png\" \/>\n<meta name=\"twitter:card\" content=\"summary_large_image\" \/>\n<meta name=\"twitter:title\" content=\"GIBIPSO - Grupo de Investigaci\u00f3n Biopsicosocial de la Universidad de Extremadura\" \/>\n<meta name=\"twitter:description\" content=\"Grupo de Investigaci\u00f3n interdisciplinar compuesto por Personal Docente e Investigador de la Universidad de Extremadura, as\u00ed como del Servicio Extreme\u00f1o de Salud (SES), con l\u00edneas de investigaci\u00f3n e innovaci\u00f3n compartidas.\" \/>\n<meta name=\"twitter:image\" content=\"https:\/\/www.estudioenfermeria.com\/portal\/wp-content\/uploads\/2020\/07\/Logo-GIBIPSO.png\" \/>\n<meta name=\"twitter:site\" content=\"@eenfermeria\" \/>\n<meta name=\"twitter:label1\" content=\"Tiempo de lectura\" \/>\n\t<meta name=\"twitter:data1\" content=\"14 minutos\" \/>\n<script type=\"application\/ld+json\" class=\"yoast-schema-graph\">{\"@context\":\"https:\/\/schema.org\",\"@graph\":[{\"@type\":\"WebPage\",\"@id\":\"https:\/\/www.estudioenfermeria.com\/portal\/gibipso\/\",\"url\":\"https:\/\/www.estudioenfermeria.com\/portal\/gibipso\/\",\"name\":\"estudioenfermeria.com - Microcredencial - Cuidados de Enfermer\u00eda en UCIPN\",\"isPartOf\":{\"@id\":\"https:\/\/www.estudioenfermeria.com\/portal\/#website\"},\"primaryImageOfPage\":{\"@id\":\"https:\/\/www.estudioenfermeria.com\/portal\/gibipso\/#primaryimage\"},\"image\":{\"@id\":\"https:\/\/www.estudioenfermeria.com\/portal\/gibipso\/#primaryimage\"},\"thumbnailUrl\":\"https:\/\/www.estudioenfermeria.com\/portal\/wp-content\/uploads\/2020\/07\/Logo-GIBIPSO.png\",\"datePublished\":\"2025-03-24T10:11:32+00:00\",\"description\":\"Grupo de Investigaci\u00f3n interdisciplinar compuesto por Personal Docente e Investigador de la Universidad de Extremadura, as\u00ed como del Servicio Extreme\u00f1o de Salud (SES), con l\u00edneas de investigaci\u00f3n e innovaci\u00f3n compartidas.\",\"breadcrumb\":{\"@id\":\"https:\/\/www.estudioenfermeria.com\/portal\/gibipso\/#breadcrumb\"},\"inLanguage\":\"es\",\"potentialAction\":[{\"@type\":\"ReadAction\",\"target\":[\"https:\/\/www.estudioenfermeria.com\/portal\/gibipso\/\"]}]},{\"@type\":\"ImageObject\",\"inLanguage\":\"es\",\"@id\":\"https:\/\/www.estudioenfermeria.com\/portal\/gibipso\/#primaryimage\",\"url\":\"https:\/\/www.estudioenfermeria.com\/portal\/wp-content\/uploads\/2020\/07\/Logo-GIBIPSO.png\",\"contentUrl\":\"https:\/\/www.estudioenfermeria.com\/portal\/wp-content\/uploads\/2020\/07\/Logo-GIBIPSO.png\",\"width\":1260,\"height\":502},{\"@type\":\"BreadcrumbList\",\"@id\":\"https:\/\/www.estudioenfermeria.com\/portal\/gibipso\/#breadcrumb\",\"itemListElement\":[{\"@type\":\"ListItem\",\"position\":1,\"name\":\"Portada\",\"item\":\"https:\/\/www.estudioenfermeria.com\/portal\/\"},{\"@type\":\"ListItem\",\"position\":2,\"name\":\"GIBIPSO &#8211; Grupo de Investigaci\u00f3n Biopsicosocial de la Universidad de Extremadura\"}]},{\"@type\":\"WebSite\",\"@id\":\"https:\/\/www.estudioenfermeria.com\/portal\/#website\",\"url\":\"https:\/\/www.estudioenfermeria.com\/portal\/\",\"name\":\"estudioenfermeria.com\",\"description\":\"Web para la educaci\u00f3n, investigaci\u00f3n, desarrollo e innovaci\u00f3n de la enfermer\u00eda\",\"publisher\":{\"@id\":\"https:\/\/www.estudioenfermeria.com\/portal\/#organization\"},\"alternateName\":\"estudioenfermeria\",\"potentialAction\":[{\"@type\":\"SearchAction\",\"target\":{\"@type\":\"EntryPoint\",\"urlTemplate\":\"https:\/\/www.estudioenfermeria.com\/portal\/?s={search_term_string}\"},\"query-input\":{\"@type\":\"PropertyValueSpecification\",\"valueRequired\":true,\"valueName\":\"search_term_string\"}}],\"inLanguage\":\"es\"},{\"@type\":\"Organization\",\"@id\":\"https:\/\/www.estudioenfermeria.com\/portal\/#organization\",\"name\":\"ESTUDIOENFERMERIA.COM\",\"alternateName\":\"ESTUDIOENFERMERIA\",\"url\":\"https:\/\/www.estudioenfermeria.com\/portal\/\",\"logo\":{\"@type\":\"ImageObject\",\"inLanguage\":\"es\",\"@id\":\"https:\/\/www.estudioenfermeria.com\/portal\/#\/schema\/logo\/image\/\",\"url\":\"https:\/\/www.estudioenfermeria.com\/portal\/wp-content\/uploads\/2020\/04\/logo_cabecera_fija_retina.png\",\"contentUrl\":\"https:\/\/www.estudioenfermeria.com\/portal\/wp-content\/uploads\/2020\/04\/logo_cabecera_fija_retina.png\",\"width\":363,\"height\":50,\"caption\":\"ESTUDIOENFERMERIA.COM\"},\"image\":{\"@id\":\"https:\/\/www.estudioenfermeria.com\/portal\/#\/schema\/logo\/image\/\"},\"sameAs\":[\"https:\/\/www.facebook.com\/estudioenfermeria\",\"https:\/\/x.com\/eenfermeria\",\"https:\/\/www.pinterest.es\/eenfermeria\/\",\"https:\/\/www.youtube.com\/estudioenfermeria\",\"https:\/\/www.tiktok.com\/@estudioenfermeria\",\"https:\/\/www.instagram.com\/estudio_enfermeria\/\"]}]}<\/script>\n<!-- \/ Yoast SEO plugin. -->","yoast_head_json":{"title":"estudioenfermeria.com - Microcredencial - Cuidados de Enfermer\u00eda en UCIPN","description":"Grupo de Investigaci\u00f3n interdisciplinar compuesto por Personal Docente e Investigador de la Universidad de Extremadura, as\u00ed como del Servicio Extreme\u00f1o de Salud (SES), con l\u00edneas de investigaci\u00f3n e innovaci\u00f3n compartidas.","robots":{"index":"index","follow":"follow","max-snippet":"max-snippet:-1","max-image-preview":"max-image-preview:large","max-video-preview":"max-video-preview:-1"},"canonical":"https:\/\/www.estudioenfermeria.com\/portal\/gibipso\/","og_locale":"es_ES","og_type":"article","og_title":"GIBIPSO - Grupo de Investigaci\u00f3n Biopsicosocial de la Universidad de Extremadura","og_description":"Grupo de Investigaci\u00f3n interdisciplinar compuesto por Personal Docente e Investigador de la Universidad de Extremadura, as\u00ed como del Servicio Extreme\u00f1o de Salud (SES), con l\u00edneas de investigaci\u00f3n e innovaci\u00f3n compartidas.","og_url":"https:\/\/www.estudioenfermeria.com\/portal\/gibipso\/","og_site_name":"estudioenfermeria.com","article_publisher":"https:\/\/www.facebook.com\/estudioenfermeria","og_image":[{"width":1260,"height":502,"url":"https:\/\/www.estudioenfermeria.com\/portal\/wp-content\/uploads\/2020\/07\/Logo-GIBIPSO.png","type":"image\/png"}],"twitter_card":"summary_large_image","twitter_title":"GIBIPSO - Grupo de Investigaci\u00f3n Biopsicosocial de la Universidad de Extremadura","twitter_description":"Grupo de Investigaci\u00f3n interdisciplinar compuesto por Personal Docente e Investigador de la Universidad de Extremadura, as\u00ed como del Servicio Extreme\u00f1o de Salud (SES), con l\u00edneas de investigaci\u00f3n e innovaci\u00f3n compartidas.","twitter_image":"https:\/\/www.estudioenfermeria.com\/portal\/wp-content\/uploads\/2020\/07\/Logo-GIBIPSO.png","twitter_site":"@eenfermeria","twitter_misc":{"Tiempo de lectura":"14 minutos"},"schema":{"@context":"https:\/\/schema.org","@graph":[{"@type":"WebPage","@id":"https:\/\/www.estudioenfermeria.com\/portal\/gibipso\/","url":"https:\/\/www.estudioenfermeria.com\/portal\/gibipso\/","name":"estudioenfermeria.com - Microcredencial - Cuidados de Enfermer\u00eda en UCIPN","isPartOf":{"@id":"https:\/\/www.estudioenfermeria.com\/portal\/#website"},"primaryImageOfPage":{"@id":"https:\/\/www.estudioenfermeria.com\/portal\/gibipso\/#primaryimage"},"image":{"@id":"https:\/\/www.estudioenfermeria.com\/portal\/gibipso\/#primaryimage"},"thumbnailUrl":"https:\/\/www.estudioenfermeria.com\/portal\/wp-content\/uploads\/2020\/07\/Logo-GIBIPSO.png","datePublished":"2025-03-24T10:11:32+00:00","description":"Grupo de Investigaci\u00f3n interdisciplinar compuesto por Personal Docente e Investigador de la Universidad de Extremadura, as\u00ed como del Servicio Extreme\u00f1o de Salud (SES), con l\u00edneas de investigaci\u00f3n e innovaci\u00f3n compartidas.","breadcrumb":{"@id":"https:\/\/www.estudioenfermeria.com\/portal\/gibipso\/#breadcrumb"},"inLanguage":"es","potentialAction":[{"@type":"ReadAction","target":["https:\/\/www.estudioenfermeria.com\/portal\/gibipso\/"]}]},{"@type":"ImageObject","inLanguage":"es","@id":"https:\/\/www.estudioenfermeria.com\/portal\/gibipso\/#primaryimage","url":"https:\/\/www.estudioenfermeria.com\/portal\/wp-content\/uploads\/2020\/07\/Logo-GIBIPSO.png","contentUrl":"https:\/\/www.estudioenfermeria.com\/portal\/wp-content\/uploads\/2020\/07\/Logo-GIBIPSO.png","width":1260,"height":502},{"@type":"BreadcrumbList","@id":"https:\/\/www.estudioenfermeria.com\/portal\/gibipso\/#breadcrumb","itemListElement":[{"@type":"ListItem","position":1,"name":"Portada","item":"https:\/\/www.estudioenfermeria.com\/portal\/"},{"@type":"ListItem","position":2,"name":"GIBIPSO &#8211; Grupo de Investigaci\u00f3n Biopsicosocial de la Universidad de Extremadura"}]},{"@type":"WebSite","@id":"https:\/\/www.estudioenfermeria.com\/portal\/#website","url":"https:\/\/www.estudioenfermeria.com\/portal\/","name":"estudioenfermeria.com","description":"Web para la educaci\u00f3n, investigaci\u00f3n, desarrollo e innovaci\u00f3n de la enfermer\u00eda","publisher":{"@id":"https:\/\/www.estudioenfermeria.com\/portal\/#organization"},"alternateName":"estudioenfermeria","potentialAction":[{"@type":"SearchAction","target":{"@type":"EntryPoint","urlTemplate":"https:\/\/www.estudioenfermeria.com\/portal\/?s={search_term_string}"},"query-input":{"@type":"PropertyValueSpecification","valueRequired":true,"valueName":"search_term_string"}}],"inLanguage":"es"},{"@type":"Organization","@id":"https:\/\/www.estudioenfermeria.com\/portal\/#organization","name":"ESTUDIOENFERMERIA.COM","alternateName":"ESTUDIOENFERMERIA","url":"https:\/\/www.estudioenfermeria.com\/portal\/","logo":{"@type":"ImageObject","inLanguage":"es","@id":"https:\/\/www.estudioenfermeria.com\/portal\/#\/schema\/logo\/image\/","url":"https:\/\/www.estudioenfermeria.com\/portal\/wp-content\/uploads\/2020\/04\/logo_cabecera_fija_retina.png","contentUrl":"https:\/\/www.estudioenfermeria.com\/portal\/wp-content\/uploads\/2020\/04\/logo_cabecera_fija_retina.png","width":363,"height":50,"caption":"ESTUDIOENFERMERIA.COM"},"image":{"@id":"https:\/\/www.estudioenfermeria.com\/portal\/#\/schema\/logo\/image\/"},"sameAs":["https:\/\/www.facebook.com\/estudioenfermeria","https:\/\/x.com\/eenfermeria","https:\/\/www.pinterest.es\/eenfermeria\/","https:\/\/www.youtube.com\/estudioenfermeria","https:\/\/www.tiktok.com\/@estudioenfermeria","https:\/\/www.instagram.com\/estudio_enfermeria\/"]}]}},"_links":{"self":[{"href":"https:\/\/www.estudioenfermeria.com\/portal\/wp-json\/wp\/v2\/pages\/8439","targetHints":{"allow":["GET"]}}],"collection":[{"href":"https:\/\/www.estudioenfermeria.com\/portal\/wp-json\/wp\/v2\/pages"}],"about":[{"href":"https:\/\/www.estudioenfermeria.com\/portal\/wp-json\/wp\/v2\/types\/page"}],"author":[{"embeddable":true,"href":"https:\/\/www.estudioenfermeria.com\/portal\/wp-json\/wp\/v2\/users\/1"}],"replies":[{"embeddable":true,"href":"https:\/\/www.estudioenfermeria.com\/portal\/wp-json\/wp\/v2\/comments?post=8439"}],"version-history":[{"count":2,"href":"https:\/\/www.estudioenfermeria.com\/portal\/wp-json\/wp\/v2\/pages\/8439\/revisions"}],"predecessor-version":[{"id":8441,"href":"https:\/\/www.estudioenfermeria.com\/portal\/wp-json\/wp\/v2\/pages\/8439\/revisions\/8441"}],"wp:featuredmedia":[{"embeddable":true,"href":"https:\/\/www.estudioenfermeria.com\/portal\/wp-json\/wp\/v2\/media\/5717"}],"wp:attachment":[{"href":"https:\/\/www.estudioenfermeria.com\/portal\/wp-json\/wp\/v2\/media?parent=8439"}],"curies":[{"name":"wp","href":"https:\/\/api.w.org\/{rel}","templated":true}]}}