{"id":3,"date":"2019-09-23T19:52:51","date_gmt":"2019-09-23T17:52:51","guid":{"rendered":"https:\/\/www.estudioenfermeria.com\/portal\/?page_id=3"},"modified":"2025-06-04T21:51:46","modified_gmt":"2025-06-04T19:51:46","slug":"politica-privacidad","status":"publish","type":"page","link":"https:\/\/www.estudioenfermeria.com\/portal\/politica-privacidad\/","title":{"rendered":"Pol\u00edtica de privacidad"},"content":{"rendered":"<div class=\"fusion-fullwidth fullwidth-box fusion-builder-row-1 nonhundred-percent-fullwidth non-hundred-percent-height-scrolling\" style=\"--awb-border-radius-top-left:0px;--awb-border-radius-top-right:0px;--awb-border-radius-bottom-right:0px;--awb-border-radius-bottom-left:0px;--awb-flex-wrap:wrap;\" ><div class=\"fusion-builder-row fusion-row\"><div class=\"fusion-layout-column fusion_builder_column fusion-builder-column-0 fusion_builder_column_1_1 1_1 fusion-one-full fusion-column-first fusion-column-last\" style=\"--awb-bg-size:cover;--awb-margin-bottom:0px;\"><div class=\"fusion-column-wrapper fusion-flex-column-wrapper-legacy\"><div class=\"fusion-text fusion-text-1\"><h3 class=\"wp-block-heading\">Qui\u00e9nes somos<\/h3>\n<p>La direcci\u00f3n de nuestra web es: https:\/\/www.estudioenfermeria.com\/portal.<\/p>\n<h3 class=\"wp-block-heading\">Qu\u00e9 datos personales recogemos y por qu\u00e9 los recogemos<\/h3>\n<h4 class=\"wp-block-heading\">Comentarios<\/h4>\n<p>Cuando los visitantes dejan comentarios en la web, recopilamos los datos que se muestran en el formulario de comentarios, as\u00ed como la direcci\u00f3n IP del visitante y la cadena de agentes de usuario del navegador para ayudar a la detecci\u00f3n de spam.<\/p>\n<p>Una cadena an\u00f3nima creada a partir de tu direcci\u00f3n de correo electr\u00f3nico (tambi\u00e9n llamada hash) puede ser proporcionada al servicio de Gravatar para ver si la est\u00e1s usando. La pol\u00edtica de privacidad del servicio Gravatar est\u00e1 disponible aqu\u00ed: https:\/\/automattic.com\/privacy\/. Despu\u00e9s de la aprobaci\u00f3n de tu comentario, la imagen de tu perfil es visible para el p\u00fablico en el contexto de su comentario.<\/p>\n<h4 class=\"wp-block-heading\">Medios<\/h4>\n<p>Si subes im\u00e1genes a la web deber\u00edas evitar subir im\u00e1genes con datos de ubicaci\u00f3n (GPS EXIF) incluidos. Los visitantes de la web pueden descargar y extraer cualquier dato de localizaci\u00f3n de las im\u00e1genes de la web.<\/p>\n<h4 class=\"wp-block-heading\">Formularios de contacto<\/h4>\n<p>Los formularios de contacto contenidos en este portal son dirigidos autom\u00e1ticamente hacia la direcci\u00f3n principal de estudioenfermeria.com, con el prop\u00f3sito de establecer un medio de comunicaci\u00f3n adicional.<\/p>\n<h4 class=\"wp-block-heading\">Cookies<\/h4>\n<p>Si dejas un comentario en nuestro sitio puedes elegir guardar tu nombre, direcci\u00f3n de correo electr\u00f3nico y web en cookies. Esto es para tu comodidad, para que no tengas que volver a rellenar tus datos cuando dejes otro comentario. Estas cookies tendr\u00e1n una duraci\u00f3n de un a\u00f1o.<\/p>\n<p>Si tienes una cuenta y te conectas a este sitio, instalaremos una cookie temporal para determinar si tu navegador acepta cookies. Esta cookie no contiene datos personales y se elimina al cerrar el navegador.<\/p>\n<p>Cuando inicias sesi\u00f3n, tambi\u00e9n instalaremos varias cookies para guardar tu informaci\u00f3n de inicio de sesi\u00f3n y tus opciones de visualizaci\u00f3n de pantalla. Las cookies de inicio de sesi\u00f3n duran dos d\u00edas, y las cookies de opciones de pantalla duran un a\u00f1o. Si seleccionas \u00abRecordarme\u00bb, tu inicio de sesi\u00f3n perdurar\u00e1 durante dos semanas. Si sales de tu cuenta, las cookies de inicio de sesi\u00f3n se eliminar\u00e1n.<\/p>\n<p>Si editas o publicas un art\u00edculo se guardar\u00e1 una cookie adicional en tu navegador. Esta cookie no incluye datos personales y simplemente indica el ID del art\u00edculo que acabas de editar. Caduca despu\u00e9s de 1 d\u00eda.<\/p>\n<p>El portal estudioenfermeria.com tiene una secci\u00f3n de herramientas psicom\u00e9tricas y cuestionarios destinado a estudios\u00a0 e investigaciones de car\u00e1cter cient\u00edfico de diferente \u00edndole. Las siguientes cookies son necesarias para que las encuestas y cuestionarios funcionen. Las cookies de sesi\u00f3n se utilizan para realizar un seguimiento del progreso de los encuestados en una encuesta, as\u00ed como evitar la repetici\u00f3n de la misma (PHPSESSID \/ YII_CSRF_TOKEN \/ userpermissions \/ KCFINDER_displaySettings \/ KCFINDER_showname).<\/p>\n<h4 class=\"wp-block-heading\">Contenido incrustado de otros sitios web<\/h4>\n<p>Los art\u00edculos de este sitio pueden incluir contenido incrustado (por ejemplo, v\u00eddeos, im\u00e1genes, art\u00edculos, etc.). El contenido incrustado de otras web se comporta exactamente de la misma manera que si el visitante hubiera visitado la otra web.<\/p>\n<p>Estas web pueden recopilar datos sobre ti, utilizar cookies, incrustar un seguimiento adicional de terceros, y supervisar tu interacci\u00f3n con ese contenido incrustado, incluido el seguimiento de tu interacci\u00f3n con el contenido incrustado si tienes una cuenta y est\u00e1s conectado a esa web.<\/p>\n<h3 class=\"wp-block-heading\">Cu\u00e1nto tiempo conservamos tus datos<\/h3>\n<p>Si dejas un comentario, el comentario y sus metadatos se conservan indefinidamente. Esto es para que podamos reconocer y aprobar comentarios sucesivos autom\u00e1ticamente en lugar de mantenerlos en una cola de moderaci\u00f3n.<\/p>\n<p>De los usuarios que se registran en nuestra web (si los hay), tambi\u00e9n almacenamos la informaci\u00f3n personal que proporcionan en su perfil de usuario. Todos los usuarios pueden ver, editar o eliminar su informaci\u00f3n personal en cualquier momento (excepto que no pueden cambiar su nombre de usuario). Los administradores de la web tambi\u00e9n pueden ver y editar esa informaci\u00f3n.<\/p>\n<h3 class=\"wp-block-heading\">Qu\u00e9 derechos tienes sobre tus datos<\/h3>\n<p>Si tienes una cuenta o has dejado comentarios en esta web, puedes solicitar recibir un archivo de exportaci\u00f3n de los datos personales que tenemos sobre ti, incluyendo cualquier dato que nos hayas proporcionado. Tambi\u00e9n puedes solicitar que eliminemos cualquier dato personal que tengamos sobre ti. Esto no incluye ning\u00fan dato que estemos obligados a conservar con fines administrativos, legales o de seguridad.<\/p>\n<h3 class=\"wp-block-heading\">D\u00f3nde enviamos tus datos<\/h3>\n<p>Los comentarios de los visitantes puede que los revise un servicio de detecci\u00f3n autom\u00e1tica de spam.<\/p>\n<h3 class=\"wp-block-heading\">Contenidos del usuario<\/h3>\n<p>Usted se compromete a hacer un uso adecuado de los contenidos y servicios ofrecidos a trav\u00e9s del Sitio Web, y a no emplearlos para (i) incurrir en actividades il\u00edcitas, ilegales o contrarias a la buena fe y al orden p\u00fablico; (ii) difundir contenidos o propaganda de car\u00e1cter racista, xen\u00f3fobo, pornogr\u00e1fico, de apolog\u00eda del terrorismo o atentatorio contra los derechos humanos; (iii) provocar da\u00f1os en los sistemas f\u00edsicos y l\u00f3gicos de estudioenfermeria.com, de sus proveedores o de terceras personas, introducir o difundir en la red virus inform\u00e1ticos o cualesquiera otros sistemas f\u00edsicos o l\u00f3gicos que sean susceptibles de provocar los da\u00f1os anteriormente mencionados; (iv) difundir contenidos que atenten contra la imagen y reputaci\u00f3n de estudioenfermeria.com o de terceros.<\/p>\n<p>estudioenfermeria.com tendr\u00e1 plena libertad de decisi\u00f3n sobre si las colaboraciones y mensajes enviados son finalmente publicadas en el Sitio Web o no, quedando facultada para retirarlos cuando estime oportuno. estudioenfermeria.com queda facultada para publicar los contenidos por usted suministrados de forma parcial, resumida o abreviada.<\/p>\n<p>La inclusi\u00f3n en el Sitio Web de elementos proporcionados por los usuarios no implica respaldo, patrocinio o recomendaci\u00f3n alguna de estudioenfermeria.com sobre los mismos, por lo que estudioenfermeria.com no ser\u00e1 responsable en absoluto respecto de su contenido y licitud.<\/p>\n<h3 class=\"wp-block-heading\">Contenidos de estudioenfermeria.com<\/h3>\n<p>estudioenfermeria.com se reserva el derecho de efectuar, sin previo aviso, las modificaciones que considere oportunas en el Sitio Web, pudiendo cambiar, suprimir o a\u00f1adir tanto los contenidos y servicios que se presten a trav\u00e9s del mismo como la forma en la que \u00e9stos aparezcan presentados o localizados.<\/p>\n<p>Aunque estudioenfermeria.com pondr\u00e1 sus mayores esfuerzos en mantener actualizada y libre de errores la informaci\u00f3n contenida en el Sitio Web, no ofrece garant\u00eda alguna respecto de la exactitud y puesta al d\u00eda de la misma. Tampoco est\u00e1 garantizada la obtenci\u00f3n de ning\u00fan resultado o fin concreto, por lo que usted reconoce que el acceso y utilizaci\u00f3n del Sitio Web es de su exclusiva responsabilidad.<\/p>\n<p>Salvo cuando expresamente se indique lo contrario, usted manifiesta conocer que las transmisiones desde el Sitio Web no son realizadas en un entorno seguro. estudioenfermeria.com no garantiza que el acceso al Sitio Web sea ininterrumpido o libre de errores, quedando exonerada de cualquier responsabilidad por da\u00f1os derivados del uso o imposibilidad de uso de la misma.<\/p>\n<p>El portal estudioenfermeria.com tiene habilitada un AULA VIRTUAL con pol\u00edticas espec\u00edficas que son accesibles haciendo clic <a href=\"https:\/\/www.estudioenfermeria.com\/aulavirtual\/admin\/tool\/policy\/viewall.php?returnurl=https%3A%2F%2Fwww.estudioenfermeria.com%2Faulavirtual%2Flogin%2Findex.php\" target=\"_blank\" rel=\"noopener noreferrer\">aqu\u00ed<\/a>.<\/p>\n<h3>Contenidos de terceros<\/h3>\n<h2>\n<\/h2>\n<p>La inclusi\u00f3n en el Sitio Web de elementos proporcionados por terceros (que no sean usuarios) no implica respaldo, patrocinio o recomendaci\u00f3n alguna de estudioenfermeria.com sobre los mismos, por lo que estudioenfermeria.com no ser\u00e1 responsable en absoluto respecto de su contenido y licitud.<\/p>\n<p>Por el hecho de proporcionar a trav\u00e9s del Sitio Web acceso (mediante v\u00ednculos o banners) con p\u00e1ginas y sitios web, informaciones, servicios, programas o datos pertenecientes a terceras personas, estudioenfermeria.com no se convierte en editor de dichos contenidos, ni se hace responsable, directa o subsidiariamente, de cuantas reclamaciones puedan derivarse de la calidad, fiabilidad, exactitud, licitud o correcci\u00f3n de los mismos.<\/p>\n<h3 class=\"wp-block-heading\">Aplicaci\u00f3n BellotEX Salud (Google Play y Apple Store)<\/h3>\n<h2>\n<\/h2>\n<p>De acuerdo con la normativa legal vigente, los resultados de los datos se tratar\u00e1n con total confidencialidad. El protocolo de recogida de datos ser\u00e1 archivado, y a cada participante se le asignar\u00e1 una clave de tal modo que no pueda relacionarse la muestra e informaci\u00f3n obtenida con la identidad del sujeto. Los datos ser\u00e1n anonimizados para su procesamiento, asegurando la imposibilidad de inferir su identidad, para su estudio y potencial an\u00e1lisis ulterior.<\/p>\n<p>Los investigadores del proyecto se comprometen a que la confidencialidad de los datos que se puedan obtener en dicho proyecto ser\u00e1 escrupulosamente observada, y que los datos personales de los sujetos participantes no ser\u00e1n conocidos por los investigadores del proyecto. En los casos que corresponda, \u00e9stos informar\u00e1n a los participantes\u00a0si creen que alg\u00fan resultado del proyecto podr\u00eda ser de su inter\u00e9s.<\/p>\n<p>Las acciones llevadas a cabo en este estudio de investigaci\u00f3n, en lo que respecta al tratamiento de datos, se ha realizado con garant\u00edas de confidencialidad de los mismos, y con el uso de la informaci\u00f3n obtenida para fines exclusivamente de investigaci\u00f3n, todo ello acorde a la Ley 41\/2002, de 14 de noviembre, b\u00e1sica reguladora de la autonom\u00eda del paciente y de derechos y obligaciones en materia de informaci\u00f3n y documentaci\u00f3n cl\u00ednica, a la Ley Org\u00e1nica 3\/2018, de 5 de diciembre, de Protecci\u00f3n de Datos Personales y garant\u00eda de los derechos digitales, BOE 294 de 6 de diciembre de 2018, al Reglamento 2016\/679 del Parlamento Europeo y del Consejo, de 27 de abril de 2016, relativo a la protecci\u00f3n de las personas f\u00edsicas en lo que respecta al tratamiento de datos personales y a la libre circulaci\u00f3n de estos datos y resto de legislaci\u00f3n vinculada, sobre investigaci\u00f3n biom\u00e9dica (Ley 14\/2007, de 3 de julio, de Investigaci\u00f3n biom\u00e9dica; BOE 159 de 4 de julio de 2007) y cualquier otra que resultara aplicable.<\/p>\n<p>Los resultados del estudio pueden ser publicados en revistas cient\u00edficas o publicaciones de car\u00e1cter general. No obstante, la informaci\u00f3n concerniente a su participaci\u00f3n ser\u00e1 mantenida como confidencial.<\/p>\n<p>El grupo GIBIPSO, el portal de alojamiento, sus propietarios y webmaster declinan toda responsabilidad que pueda derivarse del mal uso, dise\u00f1o o\u00a0cualquier otra circunstancia relacionada con la presente aplicaci\u00f3n y\/o estudio. As\u00ed mismo, GIBIPSO, el portal de alojamiento, sus propietarios y webmaster no se hacen responsables de las opiniones de los participantes.<\/p>\n<h4 class=\"wp-block-heading\">Pol\u00edtica de Privacidad de BellotEX-Salud<\/h4>\n<\/p>\n<p>La Pol\u00edtica de Privacidad describe c\u00f3mo la aplicaci\u00f3n m\u00f3vil <strong>BellotEX-Salud<\/strong>, disponible para dispositivos Android e iOS, recopila, utiliza y protege los datos del usuario. Nos comprometemos a respetar la privacidad de nuestros usuarios y a cumplir con la normativa aplicable en materia de protecci\u00f3n de datos personales, como el Reglamento General de Protecci\u00f3n de Datos (RGPD) de la Uni\u00f3n Europea y otras leyes locales pertinentes. <a href=\"https:\/\/www.estudioenfermeria.com\/portal\/gibipso\/bellotexsalud\/politica-de-privacidad-bellotex-salud\/\">Puede acceder a la Pol\u00edtica de Privacidad espec\u00edfica de la aplicaci\u00f3n BellotEX-Salud haciendo clic aqu\u00ed<\/a>.<\/p>\n<h3>Acciones legales<\/h3>\n<h2>\n<\/h2>\n<p>estudioenfermeria.com perseguir\u00e1 el incumplimiento de las anteriores Condiciones de Uso, as\u00ed como cualquier utilizaci\u00f3n indebida del Sitio Web o de sus contenidos, las infracciones de los derechos que le correspondan a ella o a sus licenciantes, especialmente los de Propiedad Intelectual e Industrial, ejercitando todas las acciones, civiles y penales, que le puedan corresponder en Derecho.<\/p>\n<p>&nbsp;<\/p>\n<\/div><div class=\"fusion-clearfix\"><\/div><\/div><\/div><\/div><\/div>","protected":false},"excerpt":{"rendered":"","protected":false},"author":1,"featured_media":4162,"parent":0,"menu_order":0,"comment_status":"closed","ping_status":"open","template":"","meta":{"footnotes":""},"class_list":["post-3","page","type-page","status-publish","has-post-thumbnail","hentry"],"yoast_head":"<!-- This site is optimized with the Yoast SEO plugin v27.4 - https:\/\/yoast.com\/product\/yoast-seo-wordpress\/ -->\n<title>estudioenfermeria.com - Pol\u00edtica de privacidad<\/title>\n<meta name=\"description\" content=\"Pol\u00edtica de Privacidad y Condiciones Generales de uso del portal estudioenfermeria.com. Pol\u00edtica de Protecci\u00f3n de Datos y Exenci\u00f3n de Responsabilidad.\" \/>\n<meta name=\"robots\" content=\"index, follow, max-snippet:-1, max-image-preview:large, max-video-preview:-1\" \/>\n<link rel=\"canonical\" href=\"https:\/\/www.estudioenfermeria.com\/portal\/politica-privacidad\/\" \/>\n<meta property=\"og:locale\" content=\"es_ES\" \/>\n<meta property=\"og:type\" content=\"article\" \/>\n<meta property=\"og:title\" content=\"estudioenfermeria.com - Pol\u00edtica de privacidad\" \/>\n<meta property=\"og:description\" content=\"Pol\u00edtica de Privacidad y Condiciones Generales de uso del portal estudioenfermeria.com. Pol\u00edtica de Protecci\u00f3n de Datos y Exenci\u00f3n de Responsabilidad.\" \/>\n<meta property=\"og:url\" content=\"https:\/\/www.estudioenfermeria.com\/portal\/politica-privacidad\/\" \/>\n<meta property=\"og:site_name\" content=\"estudioenfermeria.com\" \/>\n<meta property=\"article:publisher\" content=\"https:\/\/www.facebook.com\/estudioenfermeria\" \/>\n<meta property=\"article:modified_time\" content=\"2025-06-04T19:51:46+00:00\" \/>\n<meta property=\"og:image\" content=\"https:\/\/www.estudioenfermeria.com\/portal\/wp-content\/uploads\/2020\/04\/logo-icono-web-e1587857816785.png\" \/>\n\t<meta property=\"og:image:width\" content=\"200\" \/>\n\t<meta property=\"og:image:height\" content=\"200\" \/>\n\t<meta property=\"og:image:type\" content=\"image\/png\" \/>\n<meta name=\"twitter:card\" content=\"summary_large_image\" \/>\n<meta name=\"twitter:site\" content=\"@eenfermeria\" \/>\n<meta name=\"twitter:label1\" content=\"Tiempo de lectura\" \/>\n\t<meta name=\"twitter:data1\" content=\"9 minutos\" \/>\n<script type=\"application\/ld+json\" class=\"yoast-schema-graph\">{\"@context\":\"https:\\\/\\\/schema.org\",\"@graph\":[{\"@type\":\"WebPage\",\"@id\":\"https:\\\/\\\/www.estudioenfermeria.com\\\/portal\\\/politica-privacidad\\\/\",\"url\":\"https:\\\/\\\/www.estudioenfermeria.com\\\/portal\\\/politica-privacidad\\\/\",\"name\":\"estudioenfermeria.com - Pol\u00edtica de privacidad\",\"isPartOf\":{\"@id\":\"https:\\\/\\\/www.estudioenfermeria.com\\\/portal\\\/#website\"},\"primaryImageOfPage\":{\"@id\":\"https:\\\/\\\/www.estudioenfermeria.com\\\/portal\\\/politica-privacidad\\\/#primaryimage\"},\"image\":{\"@id\":\"https:\\\/\\\/www.estudioenfermeria.com\\\/portal\\\/politica-privacidad\\\/#primaryimage\"},\"thumbnailUrl\":\"https:\\\/\\\/www.estudioenfermeria.com\\\/portal\\\/wp-content\\\/uploads\\\/2020\\\/04\\\/logo-icono-web-e1587857816785.png\",\"datePublished\":\"2019-09-23T17:52:51+00:00\",\"dateModified\":\"2025-06-04T19:51:46+00:00\",\"description\":\"Pol\u00edtica de Privacidad y Condiciones Generales de uso del portal estudioenfermeria.com. Pol\u00edtica de Protecci\u00f3n de Datos y Exenci\u00f3n de Responsabilidad.\",\"breadcrumb\":{\"@id\":\"https:\\\/\\\/www.estudioenfermeria.com\\\/portal\\\/politica-privacidad\\\/#breadcrumb\"},\"inLanguage\":\"es\",\"potentialAction\":[{\"@type\":\"ReadAction\",\"target\":[\"https:\\\/\\\/www.estudioenfermeria.com\\\/portal\\\/politica-privacidad\\\/\"]}]},{\"@type\":\"ImageObject\",\"inLanguage\":\"es\",\"@id\":\"https:\\\/\\\/www.estudioenfermeria.com\\\/portal\\\/politica-privacidad\\\/#primaryimage\",\"url\":\"https:\\\/\\\/www.estudioenfermeria.com\\\/portal\\\/wp-content\\\/uploads\\\/2020\\\/04\\\/logo-icono-web-e1587857816785.png\",\"contentUrl\":\"https:\\\/\\\/www.estudioenfermeria.com\\\/portal\\\/wp-content\\\/uploads\\\/2020\\\/04\\\/logo-icono-web-e1587857816785.png\",\"width\":200,\"height\":200},{\"@type\":\"BreadcrumbList\",\"@id\":\"https:\\\/\\\/www.estudioenfermeria.com\\\/portal\\\/politica-privacidad\\\/#breadcrumb\",\"itemListElement\":[{\"@type\":\"ListItem\",\"position\":1,\"name\":\"Portada\",\"item\":\"https:\\\/\\\/www.estudioenfermeria.com\\\/portal\\\/\"},{\"@type\":\"ListItem\",\"position\":2,\"name\":\"Pol\u00edtica de privacidad\"}]},{\"@type\":\"WebSite\",\"@id\":\"https:\\\/\\\/www.estudioenfermeria.com\\\/portal\\\/#website\",\"url\":\"https:\\\/\\\/www.estudioenfermeria.com\\\/portal\\\/\",\"name\":\"estudioenfermeria.com\",\"description\":\"Web para la educaci\u00f3n, investigaci\u00f3n, desarrollo e innovaci\u00f3n de la enfermer\u00eda\",\"publisher\":{\"@id\":\"https:\\\/\\\/www.estudioenfermeria.com\\\/portal\\\/#organization\"},\"alternateName\":\"estudioenfermeria\",\"potentialAction\":[{\"@type\":\"SearchAction\",\"target\":{\"@type\":\"EntryPoint\",\"urlTemplate\":\"https:\\\/\\\/www.estudioenfermeria.com\\\/portal\\\/?s={search_term_string}\"},\"query-input\":{\"@type\":\"PropertyValueSpecification\",\"valueRequired\":true,\"valueName\":\"search_term_string\"}}],\"inLanguage\":\"es\"},{\"@type\":\"Organization\",\"@id\":\"https:\\\/\\\/www.estudioenfermeria.com\\\/portal\\\/#organization\",\"name\":\"ESTUDIOENFERMERIA.COM\",\"alternateName\":\"ESTUDIOENFERMERIA\",\"url\":\"https:\\\/\\\/www.estudioenfermeria.com\\\/portal\\\/\",\"logo\":{\"@type\":\"ImageObject\",\"inLanguage\":\"es\",\"@id\":\"https:\\\/\\\/www.estudioenfermeria.com\\\/portal\\\/#\\\/schema\\\/logo\\\/image\\\/\",\"url\":\"https:\\\/\\\/www.estudioenfermeria.com\\\/portal\\\/wp-content\\\/uploads\\\/2020\\\/04\\\/logo_cabecera_fija_retina.png\",\"contentUrl\":\"https:\\\/\\\/www.estudioenfermeria.com\\\/portal\\\/wp-content\\\/uploads\\\/2020\\\/04\\\/logo_cabecera_fija_retina.png\",\"width\":363,\"height\":50,\"caption\":\"ESTUDIOENFERMERIA.COM\"},\"image\":{\"@id\":\"https:\\\/\\\/www.estudioenfermeria.com\\\/portal\\\/#\\\/schema\\\/logo\\\/image\\\/\"},\"sameAs\":[\"https:\\\/\\\/www.facebook.com\\\/estudioenfermeria\",\"https:\\\/\\\/x.com\\\/eenfermeria\",\"https:\\\/\\\/www.pinterest.es\\\/eenfermeria\\\/\",\"https:\\\/\\\/www.youtube.com\\\/estudioenfermeria\",\"https:\\\/\\\/www.tiktok.com\\\/@estudioenfermeria\",\"https:\\\/\\\/www.instagram.com\\\/estudio_enfermeria\\\/\"]}]}<\/script>\n<!-- \/ Yoast SEO plugin. -->","yoast_head_json":{"title":"estudioenfermeria.com - Pol\u00edtica de privacidad","description":"Pol\u00edtica de Privacidad y Condiciones Generales de uso del portal estudioenfermeria.com. Pol\u00edtica de Protecci\u00f3n de Datos y Exenci\u00f3n de Responsabilidad.","robots":{"index":"index","follow":"follow","max-snippet":"max-snippet:-1","max-image-preview":"max-image-preview:large","max-video-preview":"max-video-preview:-1"},"canonical":"https:\/\/www.estudioenfermeria.com\/portal\/politica-privacidad\/","og_locale":"es_ES","og_type":"article","og_title":"estudioenfermeria.com - Pol\u00edtica de privacidad","og_description":"Pol\u00edtica de Privacidad y Condiciones Generales de uso del portal estudioenfermeria.com. Pol\u00edtica de Protecci\u00f3n de Datos y Exenci\u00f3n de Responsabilidad.","og_url":"https:\/\/www.estudioenfermeria.com\/portal\/politica-privacidad\/","og_site_name":"estudioenfermeria.com","article_publisher":"https:\/\/www.facebook.com\/estudioenfermeria","article_modified_time":"2025-06-04T19:51:46+00:00","og_image":[{"width":200,"height":200,"url":"https:\/\/www.estudioenfermeria.com\/portal\/wp-content\/uploads\/2020\/04\/logo-icono-web-e1587857816785.png","type":"image\/png"}],"twitter_card":"summary_large_image","twitter_site":"@eenfermeria","twitter_misc":{"Tiempo de lectura":"9 minutos"},"schema":{"@context":"https:\/\/schema.org","@graph":[{"@type":"WebPage","@id":"https:\/\/www.estudioenfermeria.com\/portal\/politica-privacidad\/","url":"https:\/\/www.estudioenfermeria.com\/portal\/politica-privacidad\/","name":"estudioenfermeria.com - Pol\u00edtica de privacidad","isPartOf":{"@id":"https:\/\/www.estudioenfermeria.com\/portal\/#website"},"primaryImageOfPage":{"@id":"https:\/\/www.estudioenfermeria.com\/portal\/politica-privacidad\/#primaryimage"},"image":{"@id":"https:\/\/www.estudioenfermeria.com\/portal\/politica-privacidad\/#primaryimage"},"thumbnailUrl":"https:\/\/www.estudioenfermeria.com\/portal\/wp-content\/uploads\/2020\/04\/logo-icono-web-e1587857816785.png","datePublished":"2019-09-23T17:52:51+00:00","dateModified":"2025-06-04T19:51:46+00:00","description":"Pol\u00edtica de Privacidad y Condiciones Generales de uso del portal estudioenfermeria.com. Pol\u00edtica de Protecci\u00f3n de Datos y Exenci\u00f3n de Responsabilidad.","breadcrumb":{"@id":"https:\/\/www.estudioenfermeria.com\/portal\/politica-privacidad\/#breadcrumb"},"inLanguage":"es","potentialAction":[{"@type":"ReadAction","target":["https:\/\/www.estudioenfermeria.com\/portal\/politica-privacidad\/"]}]},{"@type":"ImageObject","inLanguage":"es","@id":"https:\/\/www.estudioenfermeria.com\/portal\/politica-privacidad\/#primaryimage","url":"https:\/\/www.estudioenfermeria.com\/portal\/wp-content\/uploads\/2020\/04\/logo-icono-web-e1587857816785.png","contentUrl":"https:\/\/www.estudioenfermeria.com\/portal\/wp-content\/uploads\/2020\/04\/logo-icono-web-e1587857816785.png","width":200,"height":200},{"@type":"BreadcrumbList","@id":"https:\/\/www.estudioenfermeria.com\/portal\/politica-privacidad\/#breadcrumb","itemListElement":[{"@type":"ListItem","position":1,"name":"Portada","item":"https:\/\/www.estudioenfermeria.com\/portal\/"},{"@type":"ListItem","position":2,"name":"Pol\u00edtica de privacidad"}]},{"@type":"WebSite","@id":"https:\/\/www.estudioenfermeria.com\/portal\/#website","url":"https:\/\/www.estudioenfermeria.com\/portal\/","name":"estudioenfermeria.com","description":"Web para la educaci\u00f3n, investigaci\u00f3n, desarrollo e innovaci\u00f3n de la enfermer\u00eda","publisher":{"@id":"https:\/\/www.estudioenfermeria.com\/portal\/#organization"},"alternateName":"estudioenfermeria","potentialAction":[{"@type":"SearchAction","target":{"@type":"EntryPoint","urlTemplate":"https:\/\/www.estudioenfermeria.com\/portal\/?s={search_term_string}"},"query-input":{"@type":"PropertyValueSpecification","valueRequired":true,"valueName":"search_term_string"}}],"inLanguage":"es"},{"@type":"Organization","@id":"https:\/\/www.estudioenfermeria.com\/portal\/#organization","name":"ESTUDIOENFERMERIA.COM","alternateName":"ESTUDIOENFERMERIA","url":"https:\/\/www.estudioenfermeria.com\/portal\/","logo":{"@type":"ImageObject","inLanguage":"es","@id":"https:\/\/www.estudioenfermeria.com\/portal\/#\/schema\/logo\/image\/","url":"https:\/\/www.estudioenfermeria.com\/portal\/wp-content\/uploads\/2020\/04\/logo_cabecera_fija_retina.png","contentUrl":"https:\/\/www.estudioenfermeria.com\/portal\/wp-content\/uploads\/2020\/04\/logo_cabecera_fija_retina.png","width":363,"height":50,"caption":"ESTUDIOENFERMERIA.COM"},"image":{"@id":"https:\/\/www.estudioenfermeria.com\/portal\/#\/schema\/logo\/image\/"},"sameAs":["https:\/\/www.facebook.com\/estudioenfermeria","https:\/\/x.com\/eenfermeria","https:\/\/www.pinterest.es\/eenfermeria\/","https:\/\/www.youtube.com\/estudioenfermeria","https:\/\/www.tiktok.com\/@estudioenfermeria","https:\/\/www.instagram.com\/estudio_enfermeria\/"]}]}},"_links":{"self":[{"href":"https:\/\/www.estudioenfermeria.com\/portal\/wp-json\/wp\/v2\/pages\/3","targetHints":{"allow":["GET"]}}],"collection":[{"href":"https:\/\/www.estudioenfermeria.com\/portal\/wp-json\/wp\/v2\/pages"}],"about":[{"href":"https:\/\/www.estudioenfermeria.com\/portal\/wp-json\/wp\/v2\/types\/page"}],"author":[{"embeddable":true,"href":"https:\/\/www.estudioenfermeria.com\/portal\/wp-json\/wp\/v2\/users\/1"}],"replies":[{"embeddable":true,"href":"https:\/\/www.estudioenfermeria.com\/portal\/wp-json\/wp\/v2\/comments?post=3"}],"version-history":[{"count":13,"href":"https:\/\/www.estudioenfermeria.com\/portal\/wp-json\/wp\/v2\/pages\/3\/revisions"}],"predecessor-version":[{"id":8600,"href":"https:\/\/www.estudioenfermeria.com\/portal\/wp-json\/wp\/v2\/pages\/3\/revisions\/8600"}],"wp:featuredmedia":[{"embeddable":true,"href":"https:\/\/www.estudioenfermeria.com\/portal\/wp-json\/wp\/v2\/media\/4162"}],"wp:attachment":[{"href":"https:\/\/www.estudioenfermeria.com\/portal\/wp-json\/wp\/v2\/media?parent=3"}],"curies":[{"name":"wp","href":"https:\/\/api.w.org\/{rel}","templated":true}]}}